{"id":125,"date":"2024-11-18T17:48:00","date_gmt":"2024-11-18T17:48:00","guid":{"rendered":"https:\/\/danielazevedo.pt\/?page_id=125"},"modified":"2025-07-31T15:37:23","modified_gmt":"2025-07-31T15:37:23","slug":"leitura-de-aura","status":"publish","type":"page","link":"https:\/\/danielazevedo.pt\/index.php\/leitura-de-aura\/","title":{"rendered":"Leitura de Aura"},"content":{"rendered":"\t\t<div data-elementor-type=\"wp-page\" data-elementor-id=\"125\" class=\"elementor elementor-125\" data-elementor-post-type=\"page\">\n\t\t\t\t<div class=\"elementor-element elementor-element-565e6773 e-flex e-con-boxed e-con e-parent\" data-id=\"565e6773\" data-element_type=\"container\" data-e-type=\"container\">\n\t\t\t\t\t<div class=\"e-con-inner\">\n\t\t<div class=\"elementor-element elementor-element-f7d7253 e-con-full e-flex e-con e-child\" data-id=\"f7d7253\" data-element_type=\"container\" data-e-type=\"container\">\n\t\t<div class=\"elementor-element elementor-element-9d99faa e-con-full e-flex e-con e-child\" data-id=\"9d99faa\" data-element_type=\"container\" data-e-type=\"container\">\n\t\t\t\t<\/div>\n\t\t\t\t<\/div>\n\t\t\t\t\t<\/div>\n\t\t\t\t<\/div>\n\t\t<div class=\"elementor-element elementor-element-5301d963 e-flex e-con-boxed e-con e-parent\" data-id=\"5301d963\" data-element_type=\"container\" data-e-type=\"container\" data-settings=\"{&quot;background_background&quot;:&quot;gradient&quot;}\">\n\t\t\t\t\t<div class=\"e-con-inner\">\n\t\t\t\t<div class=\"elementor-element elementor-element-7ede5a75 elementor-widget__width-initial elementor-invisible elementor-widget elementor-widget-heading\" data-id=\"7ede5a75\" data-element_type=\"widget\" data-e-type=\"widget\" data-settings=\"{&quot;_animation&quot;:&quot;fadeInUp&quot;,&quot;_animation_delay&quot;:200}\" data-widget_type=\"heading.default\">\n\t\t\t\t<div class=\"elementor-widget-container\">\n\t\t\t\t\t<h2 class=\"elementor-heading-title elementor-size-default\">Leitura de Aura<\/h2>\t\t\t\t<\/div>\n\t\t\t\t<\/div>\n\t\t\t\t\t<\/div>\n\t\t\t\t<\/div>\n\t\t\t\t<section class=\"elementor-section elementor-top-section elementor-element elementor-element-20c3dea elementor-section-content-middle elementor-section-full_width elementor-section-height-default elementor-section-height-default\" data-id=\"20c3dea\" data-element_type=\"section\" data-e-type=\"section\" data-settings=\"{&quot;background_background&quot;:&quot;classic&quot;}\">\n\t\t\t\t\t\t<div class=\"elementor-container elementor-column-gap-no\">\n\t\t\t\t\t<div class=\"elementor-column elementor-col-50 elementor-top-column elementor-element elementor-element-78f9a2cf\" data-id=\"78f9a2cf\" data-element_type=\"column\" data-e-type=\"column\">\n\t\t\t<div class=\"elementor-widget-wrap elementor-element-populated\">\n\t\t\t\t<div class=\"elementor-element elementor-element-1ec00d99 e-con-full e-flex e-con e-parent\" data-id=\"1ec00d99\" data-element_type=\"container\" data-e-type=\"container\">\n\t\t\t\t<div class=\"elementor-element elementor-element-a94a172 elementor-widget__width-initial elementor-invisible elementor-widget elementor-widget-heading\" data-id=\"a94a172\" data-element_type=\"widget\" data-e-type=\"widget\" data-settings=\"{&quot;_animation&quot;:&quot;fadeInUp&quot;,&quot;_animation_delay&quot;:200}\" data-widget_type=\"heading.default\">\n\t\t\t\t<div class=\"elementor-widget-container\">\n\t\t\t\t\t<h2 class=\"elementor-heading-title elementor-size-default\">Descobre o Poder da Leitura de Aura <\/h2>\t\t\t\t<\/div>\n\t\t\t\t<\/div>\n\t\t\t\t<div class=\"elementor-element elementor-element-63ce87a3 elementor-widget__width-auto elementor-invisible elementor-widget elementor-widget-text-editor\" data-id=\"63ce87a3\" data-element_type=\"widget\" data-e-type=\"widget\" data-settings=\"{&quot;_animation&quot;:&quot;fadeInRight&quot;}\" data-widget_type=\"text-editor.default\">\n\t\t\t\t<div class=\"elementor-widget-container\">\n\t\t\t\t\t\t\t\t\t<p>A aura \u00e9 a energia que nos envolve e nela est\u00e1 presente um conjunto de informa\u00e7\u00f5es sobre a nossa vida, maneira de pensar, sentir e agir.<\/p><p>A leitura de aura garante \u00e0 pessoa um melhor entendimento e consci\u00eancia do seu momento atual, de como est\u00e3o os seus estados mentais e emocionais e de que forma os mesmos est\u00e3o a influenciar a sua vida.<\/p><p>Na leitura vamos \u00e0 procura de problemas mas tamb\u00e9m de solu\u00e7\u00f5es, vamos ao encontro de viv\u00eancias e de perce\u00e7\u00f5es, vamos encontrar padr\u00f5es e tamb\u00e9m tend\u00eancias.<\/p><p>Atrav\u00e9s da leitura a pessoa pode ter uma melhor compreens\u00e3o do per\u00edodo que atravessa, da fase de vida que tem experienciado e de situa\u00e7\u00f5es que ainda precisam ser compreendidas e trabalhadas.<\/p><p>A leitura de aura visa ajudar a pessoa nas suas tomadas de consci\u00eancia, decis\u00f5es, escolhas e vontades, proporcionando uma maior clareza e descendimento do seu prop\u00f3sito e do caminho a seguir.<\/p><p>Trabalharemos na compreens\u00e3o e compaix\u00e3o para que possamos libertar os bloqueios e ajudar a pessoa a seguir por um caminho mais feliz.<\/p><p>Olharemos para as vidas passadas, chakras e estados de alma.<\/p>\t\t\t\t\t\t\t\t<\/div>\n\t\t\t\t<\/div>\n\t\t\t\t<div class=\"elementor-element elementor-element-ac35f7a elementor-align-center elementor-widget__width-initial elementor-button-success elementor-invisible elementor-widget elementor-widget-button\" data-id=\"ac35f7a\" data-element_type=\"widget\" data-e-type=\"widget\" data-settings=\"{&quot;_animation&quot;:&quot;fadeIn&quot;}\" data-widget_type=\"button.default\">\n\t\t\t\t<div class=\"elementor-widget-container\">\n\t\t\t\t\t\t\t\t\t<div class=\"elementor-button-wrapper\">\n\t\t\t\t\t<a class=\"elementor-button elementor-button-link elementor-size-sm\" href=\"https:\/\/wa.me\/+351967363280\">\n\t\t\t\t\t\t<span class=\"elementor-button-content-wrapper\">\n\t\t\t\t\t\t\t\t\t<span class=\"elementor-button-text\">QUERO MARCAR (via whatsapp)<\/span>\n\t\t\t\t\t<\/span>\n\t\t\t\t\t<\/a>\n\t\t\t\t<\/div>\n\t\t\t\t\t\t\t\t<\/div>\n\t\t\t\t<\/div>\n\t\t\t\t<\/div>\n\t\t\t\t\t<\/div>\n\t\t<\/div>\n\t\t\t\t<div class=\"elementor-column elementor-col-50 elementor-top-column elementor-element elementor-element-13e10b19\" data-id=\"13e10b19\" data-element_type=\"column\" data-e-type=\"column\">\n\t\t\t<div class=\"elementor-widget-wrap elementor-element-populated\">\n\t\t\t\t\t\t<div class=\"elementor-element elementor-element-443e1509 elementor-widget__width-initial elementor-invisible elementor-widget elementor-widget-image\" data-id=\"443e1509\" data-element_type=\"widget\" data-e-type=\"widget\" data-settings=\"{&quot;_animation&quot;:&quot;fadeInDown&quot;}\" data-widget_type=\"image.default\">\n\t\t\t\t<div class=\"elementor-widget-container\">\n\t\t\t\t\t\t\t\t\t\t\t\t\t\t\t<img decoding=\"async\" src=\"https:\/\/danielazevedo.pt\/wp-content\/uploads\/2025\/01\/24-2.png\" title=\"24 (2)\" alt=\"24 (2)\" loading=\"lazy\" \/>\t\t\t\t\t\t\t\t\t\t\t\t\t\t\t<\/div>\n\t\t\t\t<\/div>\n\t\t\t\t\t<\/div>\n\t\t<\/div>\n\t\t\t\t\t<\/div>\n\t\t<\/section>\n\t\t\t\t<section class=\"elementor-section elementor-top-section elementor-element elementor-element-7a01885f elementor-section-full_width elementor-section-height-default elementor-section-height-default\" data-id=\"7a01885f\" data-element_type=\"section\" data-e-type=\"section\" data-settings=\"{&quot;background_background&quot;:&quot;classic&quot;,&quot;background_motion_fx_motion_fx_scrolling&quot;:&quot;yes&quot;,&quot;background_motion_fx_translateY_effect&quot;:&quot;yes&quot;,&quot;background_motion_fx_translateY_speed&quot;:{&quot;unit&quot;:&quot;px&quot;,&quot;size&quot;:4,&quot;sizes&quot;:[]},&quot;background_motion_fx_translateY_affectedRange&quot;:{&quot;unit&quot;:&quot;%&quot;,&quot;size&quot;:&quot;&quot;,&quot;sizes&quot;:{&quot;start&quot;:0,&quot;end&quot;:100}},&quot;background_motion_fx_devices&quot;:[&quot;desktop&quot;,&quot;tablet&quot;,&quot;mobile&quot;]}\">\n\t\t\t\t\t\t\t<div class=\"elementor-background-overlay\"><\/div>\n\t\t\t\t\t\t\t<div class=\"elementor-container elementor-column-gap-default\">\n\t\t\t\t\t<div class=\"elementor-column elementor-col-100 elementor-top-column elementor-element elementor-element-7dd5ff7f\" data-id=\"7dd5ff7f\" data-element_type=\"column\" data-e-type=\"column\">\n\t\t\t<div class=\"elementor-widget-wrap elementor-element-populated\">\n\t\t\t\t\t\t<div class=\"elementor-element elementor-element-1525869 elementor-widget__width-initial elementor-invisible elementor-widget elementor-widget-heading\" data-id=\"1525869\" data-element_type=\"widget\" data-e-type=\"widget\" data-settings=\"{&quot;_animation&quot;:&quot;fadeInUp&quot;,&quot;_animation_delay&quot;:200}\" data-widget_type=\"heading.default\">\n\t\t\t\t<div class=\"elementor-widget-container\">\n\t\t\t\t\t<h2 class=\"elementor-heading-title elementor-size-default\">O que \u00e9 uma Leitura de Aura?\n\n<\/h2>\t\t\t\t<\/div>\n\t\t\t\t<\/div>\n\t\t\t\t<div class=\"elementor-element elementor-element-35967b36 elementor-widget__width-initial elementor-invisible elementor-widget elementor-widget-text-editor\" data-id=\"35967b36\" data-element_type=\"widget\" data-e-type=\"widget\" data-settings=\"{&quot;_animation&quot;:&quot;fadeInLeft&quot;}\" data-widget_type=\"text-editor.default\">\n\t\t\t\t<div class=\"elementor-widget-container\">\n\t\t\t\t\t\t\t\t\t<p style=\"text-align: center;\">A leitura de aura \u00e9 uma terapia energ\u00e9tica que permite aceder a informa\u00e7\u00f5es importantes\u00a0<\/p><p style=\"text-align: center;\">sobre o teu estado emocional, mental, f\u00edsico e espiritual.\u00a0<\/p><p style=\"text-align: center;\">Atrav\u00e9s desta leitura, identificamos os desafios e bloqueios que te impedem de avan\u00e7ar,\u00a0<\/p><p style=\"text-align: center;\">bem como as qualidades e for\u00e7as que podem ser potenciadas.<\/p>\t\t\t\t\t\t\t\t<\/div>\n\t\t\t\t<\/div>\n\t\t\t\t<div class=\"elementor-element elementor-element-7634f033 elementor-align-center elementor-widget__width-initial elementor-invisible elementor-widget elementor-widget-button\" data-id=\"7634f033\" data-element_type=\"widget\" data-e-type=\"widget\" data-settings=\"{&quot;_animation&quot;:&quot;fadeInLeft&quot;}\" data-widget_type=\"button.default\">\n\t\t\t\t<div class=\"elementor-widget-container\">\n\t\t\t\t\t\t\t\t\t<div class=\"elementor-button-wrapper\">\n\t\t\t\t\t<a class=\"elementor-button elementor-button-link elementor-size-sm\" href=\"mailto:email@danielazevedo.pt\">\n\t\t\t\t\t\t<span class=\"elementor-button-content-wrapper\">\n\t\t\t\t\t\t\t\t\t<span class=\"elementor-button-text\">QUERO MARCAR (via email)<\/span>\n\t\t\t\t\t<\/span>\n\t\t\t\t\t<\/a>\n\t\t\t\t<\/div>\n\t\t\t\t\t\t\t\t<\/div>\n\t\t\t\t<\/div>\n\t\t\t\t\t<\/div>\n\t\t<\/div>\n\t\t\t\t\t<\/div>\n\t\t<\/section>\n\t\t<div class=\"elementor-element elementor-element-615bbc63 e-flex e-con-boxed e-con e-parent\" data-id=\"615bbc63\" data-element_type=\"container\" data-e-type=\"container\" data-settings=\"{&quot;background_background&quot;:&quot;classic&quot;}\">\n\t\t\t\t\t<div class=\"e-con-inner\">\n\t\t<div class=\"elementor-element elementor-element-19d6bc02 e-con-full e-flex e-con e-child\" data-id=\"19d6bc02\" data-element_type=\"container\" data-e-type=\"container\">\n\t\t<div class=\"elementor-element elementor-element-154da8ed e-con-full e-flex e-con e-child\" data-id=\"154da8ed\" data-element_type=\"container\" data-e-type=\"container\">\n\t\t\t\t<div class=\"elementor-element elementor-element-4bd836e5 elementor-widget__width-initial elementor-invisible elementor-widget elementor-widget-heading\" data-id=\"4bd836e5\" data-element_type=\"widget\" data-e-type=\"widget\" data-settings=\"{&quot;_animation&quot;:&quot;fadeInUp&quot;,&quot;_animation_delay&quot;:200}\" data-widget_type=\"heading.default\">\n\t\t\t\t<div class=\"elementor-widget-container\">\n\t\t\t\t\t<h2 class=\"elementor-heading-title elementor-size-default\">Como funciona?\n\n<\/h2>\t\t\t\t<\/div>\n\t\t\t\t<\/div>\n\t\t\t\t<div class=\"elementor-element elementor-element-69f41c4c elementor-widget__width-auto elementor-invisible elementor-widget elementor-widget-text-editor\" data-id=\"69f41c4c\" data-element_type=\"widget\" data-e-type=\"widget\" data-settings=\"{&quot;_animation&quot;:&quot;fadeInDown&quot;}\" data-widget_type=\"text-editor.default\">\n\t\t\t\t<div class=\"elementor-widget-container\">\n\t\t\t\t\t\t\t\t\t<p>Durante a sess\u00e3o, o terapeuta entra em sintonia com a tua energia, percorrendo diferentes camadas da tua aura.<\/p><p>Atrav\u00e9s deste processo, \u00e9 poss\u00edvel identificar e desbloquear energias estagnadas, harmonizar o teu campo energ\u00e9tico e ajudar-te a reconectar-te com o teu verdadeiro prop\u00f3sito.<\/p>\t\t\t\t\t\t\t\t<\/div>\n\t\t\t\t<\/div>\n\t\t\t\t<div class=\"elementor-element elementor-element-9e9548b elementor-align-center elementor-widget__width-initial elementor-invisible elementor-widget elementor-widget-button\" data-id=\"9e9548b\" data-element_type=\"widget\" data-e-type=\"widget\" data-settings=\"{&quot;_animation&quot;:&quot;zoomInRight&quot;}\" data-widget_type=\"button.default\">\n\t\t\t\t<div class=\"elementor-widget-container\">\n\t\t\t\t\t\t\t\t\t<div class=\"elementor-button-wrapper\">\n\t\t\t\t\t<a class=\"elementor-button elementor-button-link elementor-size-sm\" href=\"https:\/\/wa.me\/+351967363280\">\n\t\t\t\t\t\t<span class=\"elementor-button-content-wrapper\">\n\t\t\t\t\t\t\t\t\t<span class=\"elementor-button-text\">QUERO MARCAR (via whatsapp)<\/span>\n\t\t\t\t\t<\/span>\n\t\t\t\t\t<\/a>\n\t\t\t\t<\/div>\n\t\t\t\t\t\t\t\t<\/div>\n\t\t\t\t<\/div>\n\t\t\t\t<\/div>\n\t\t<div class=\"elementor-element elementor-element-9369546 e-con-full e-flex e-con e-child\" data-id=\"9369546\" data-element_type=\"container\" data-e-type=\"container\">\n\t\t\t\t<div class=\"elementor-element elementor-element-786df3dc elementor-widget__width-initial elementor-invisible elementor-widget elementor-widget-image\" data-id=\"786df3dc\" data-element_type=\"widget\" data-e-type=\"widget\" data-settings=\"{&quot;_animation&quot;:&quot;fadeInLeft&quot;}\" data-widget_type=\"image.default\">\n\t\t\t\t<div class=\"elementor-widget-container\">\n\t\t\t\t\t\t\t\t\t\t\t\t\t\t\t<img fetchpriority=\"high\" decoding=\"async\" width=\"800\" height=\"1000\" src=\"https:\/\/danielazevedo.pt\/wp-content\/uploads\/2025\/01\/24-1-819x1024.png\" class=\"attachment-large size-large wp-image-1291\" alt=\"\" srcset=\"https:\/\/danielazevedo.pt\/wp-content\/uploads\/2025\/01\/24-1-819x1024.png 819w, https:\/\/danielazevedo.pt\/wp-content\/uploads\/2025\/01\/24-1-240x300.png 240w, https:\/\/danielazevedo.pt\/wp-content\/uploads\/2025\/01\/24-1-768x960.png 768w, https:\/\/danielazevedo.pt\/wp-content\/uploads\/2025\/01\/24-1.png 1080w\" sizes=\"(max-width: 800px) 100vw, 800px\" \/>\t\t\t\t\t\t\t\t\t\t\t\t\t\t\t<\/div>\n\t\t\t\t<\/div>\n\t\t\t\t<\/div>\n\t\t\t\t<\/div>\n\t\t\t\t<div class=\"elementor-element elementor-element-601c2d9d elementor-widget elementor-widget-spacer\" data-id=\"601c2d9d\" data-element_type=\"widget\" data-e-type=\"widget\" data-widget_type=\"spacer.default\">\n\t\t\t\t<div class=\"elementor-widget-container\">\n\t\t\t\t\t\t\t<div class=\"elementor-spacer\">\n\t\t\t<div class=\"elementor-spacer-inner\"><\/div>\n\t\t<\/div>\n\t\t\t\t\t\t<\/div>\n\t\t\t\t<\/div>\n\t\t\t\t\t<\/div>\n\t\t\t\t<\/div>\n\t\t<div class=\"elementor-element elementor-element-575e509d e-flex e-con-boxed e-con e-parent\" data-id=\"575e509d\" data-element_type=\"container\" data-e-type=\"container\" data-settings=\"{&quot;background_background&quot;:&quot;classic&quot;}\">\n\t\t\t\t\t<div class=\"e-con-inner\">\n\t\t\t\t<div class=\"elementor-element elementor-element-61d2350a elementor-widget elementor-widget-spacer\" data-id=\"61d2350a\" data-element_type=\"widget\" data-e-type=\"widget\" data-widget_type=\"spacer.default\">\n\t\t\t\t<div class=\"elementor-widget-container\">\n\t\t\t\t\t\t\t<div class=\"elementor-spacer\">\n\t\t\t<div class=\"elementor-spacer-inner\"><\/div>\n\t\t<\/div>\n\t\t\t\t\t\t<\/div>\n\t\t\t\t<\/div>\n\t\t<div class=\"elementor-element elementor-element-43df2d5d e-con-full e-flex e-con e-child\" data-id=\"43df2d5d\" data-element_type=\"container\" data-e-type=\"container\">\n\t\t<div class=\"elementor-element elementor-element-6c4a2e48 e-con-full e-flex e-con e-child\" data-id=\"6c4a2e48\" data-element_type=\"container\" data-e-type=\"container\">\n\t\t\t\t<div class=\"elementor-element elementor-element-3ce74b09 elementor-widget__width-initial elementor-invisible elementor-widget elementor-widget-heading\" data-id=\"3ce74b09\" data-element_type=\"widget\" data-e-type=\"widget\" data-settings=\"{&quot;_animation&quot;:&quot;fadeInUp&quot;,&quot;_animation_delay&quot;:200}\" data-widget_type=\"heading.default\">\n\t\t\t\t<div class=\"elementor-widget-container\">\n\t\t\t\t\t<h2 class=\"elementor-heading-title elementor-size-default\">O que vais descobrir numa consulta de leitura de aura:<\/h2>\t\t\t\t<\/div>\n\t\t\t\t<\/div>\n\t\t\t\t<div class=\"elementor-element elementor-element-6419636b elementor-widget__width-auto elementor-invisible elementor-widget elementor-widget-text-editor\" data-id=\"6419636b\" data-element_type=\"widget\" data-e-type=\"widget\" data-settings=\"{&quot;_animation&quot;:&quot;fadeInRight&quot;}\" data-widget_type=\"text-editor.default\">\n\t\t\t\t<div class=\"elementor-widget-container\">\n\t\t\t\t\t\t\t\t\t<ul><li>Bloqueios emocionais e energ\u00e9ticos que est\u00e3o a limitar a tua vida<\/li><li>Vidas passadas<\/li><li>Padr\u00f5es repetitivos que afetam o teu bem-estar<\/li><li>O alinhamento entre a tua mente, corpo e esp\u00edrito<\/li><li>Ferramentas para te libertares de influ\u00eancias negativas e resgatares o teu poder pessoal<\/li><\/ul>\t\t\t\t\t\t\t\t<\/div>\n\t\t\t\t<\/div>\n\t\t\t\t<\/div>\n\t\t\t\t<\/div>\n\t\t\t\t<div class=\"elementor-element elementor-element-afb28ad elementor-align-center elementor-widget__width-initial elementor-invisible elementor-widget elementor-widget-button\" data-id=\"afb28ad\" data-element_type=\"widget\" data-e-type=\"widget\" data-settings=\"{&quot;_animation&quot;:&quot;fadeInLeft&quot;}\" data-widget_type=\"button.default\">\n\t\t\t\t<div class=\"elementor-widget-container\">\n\t\t\t\t\t\t\t\t\t<div class=\"elementor-button-wrapper\">\n\t\t\t\t\t<a class=\"elementor-button elementor-button-link elementor-size-sm\" href=\"https:\/\/wa.me\/+351967363280\">\n\t\t\t\t\t\t<span class=\"elementor-button-content-wrapper\">\n\t\t\t\t\t\t\t\t\t<span class=\"elementor-button-text\">QUERO MARCAR (via whatsapp)<\/span>\n\t\t\t\t\t<\/span>\n\t\t\t\t\t<\/a>\n\t\t\t\t<\/div>\n\t\t\t\t\t\t\t\t<\/div>\n\t\t\t\t<\/div>\n\t\t\t\t\t<\/div>\n\t\t\t\t<\/div>\n\t\t\t\t<\/div>\n\t\t","protected":false},"excerpt":{"rendered":"<p>Leitura de Aura Descobre o Poder da Leitura de Aura A aura \u00e9 a energia que nos envolve e nela est\u00e1 presente um conjunto de informa\u00e7\u00f5es sobre a nossa vida, maneira de pensar, sentir e agir. A leitura de aura garante \u00e0 pessoa um melhor entendimento e consci\u00eancia do seu momento atual, de como est\u00e3o [&hellip;]<\/p>\n","protected":false},"author":1,"featured_media":0,"parent":0,"menu_order":0,"comment_status":"closed","ping_status":"closed","template":"","meta":{"footnotes":""},"class_list":["post-125","page","type-page","status-publish","hentry"],"_links":{"self":[{"href":"https:\/\/danielazevedo.pt\/index.php\/wp-json\/wp\/v2\/pages\/125","targetHints":{"allow":["GET"]}}],"collection":[{"href":"https:\/\/danielazevedo.pt\/index.php\/wp-json\/wp\/v2\/pages"}],"about":[{"href":"https:\/\/danielazevedo.pt\/index.php\/wp-json\/wp\/v2\/types\/page"}],"author":[{"embeddable":true,"href":"https:\/\/danielazevedo.pt\/index.php\/wp-json\/wp\/v2\/users\/1"}],"replies":[{"embeddable":true,"href":"https:\/\/danielazevedo.pt\/index.php\/wp-json\/wp\/v2\/comments?post=125"}],"version-history":[{"count":31,"href":"https:\/\/danielazevedo.pt\/index.php\/wp-json\/wp\/v2\/pages\/125\/revisions"}],"predecessor-version":[{"id":1952,"href":"https:\/\/danielazevedo.pt\/index.php\/wp-json\/wp\/v2\/pages\/125\/revisions\/1952"}],"wp:attachment":[{"href":"https:\/\/danielazevedo.pt\/index.php\/wp-json\/wp\/v2\/media?parent=125"}],"curies":[{"name":"wp","href":"https:\/\/api.w.org\/{rel}","templated":true}]}}